{"id":7,"date":"2021-11-29T13:30:10","date_gmt":"2021-11-29T13:30:10","guid":{"rendered":"https:\/\/pharmacie-quenast.be\/?page_id=7"},"modified":"2022-09-26T22:34:19","modified_gmt":"2022-09-26T20:34:19","slug":"pharmacie","status":"publish","type":"page","link":"https:\/\/pharmacie-quenast.be\/","title":{"rendered":"Pharmacie"},"content":{"rendered":"\t\t<div data-elementor-type=\"wp-page\" data-elementor-id=\"7\" class=\"elementor elementor-7\" data-elementor-post-type=\"page\">\n\t\t\t\t\t\t<section class=\"elementor-section elementor-top-section elementor-element elementor-element-f3d34e3 elementor-section-full_width elementor-section-height-full elementor-section-height-default elementor-section-items-middle\" data-id=\"f3d34e3\" data-element_type=\"section\" data-settings=\"{&quot;background_background&quot;:&quot;slideshow&quot;,&quot;background_slideshow_gallery&quot;:[{&quot;id&quot;:90,&quot;url&quot;:&quot;https:\\\/\\\/pharmacie-quenast.be\\\/wp-content\\\/uploads\\\/2021\\\/11\\\/WhatsApp-Image-2021-11-29-at-15.54.35-1.jpeg&quot;},{&quot;id&quot;:162,&quot;url&quot;:&quot;https:\\\/\\\/pharmacie-quenast.be\\\/wp-content\\\/uploads\\\/2022\\\/09\\\/WhatsApp-Image-2022-09-26-at-21.48.39.jpeg&quot;}],&quot;background_slideshow_loop&quot;:&quot;yes&quot;,&quot;background_slideshow_slide_duration&quot;:5000,&quot;background_slideshow_slide_transition&quot;:&quot;fade&quot;,&quot;background_slideshow_transition_duration&quot;:500}\">\n\t\t\t\t\t\t\t<div class=\"elementor-background-overlay\"><\/div>\n\t\t\t\t\t\t\t<div class=\"elementor-container elementor-column-gap-default\">\n\t\t\t\t\t<div class=\"elementor-column elementor-col-100 elementor-top-column elementor-element elementor-element-d63d335\" data-id=\"d63d335\" data-element_type=\"column\">\n\t\t\t<div class=\"elementor-widget-wrap elementor-element-populated\">\n\t\t\t\t\t\t<div class=\"elementor-element elementor-element-cf2bb4e elementor-widget elementor-widget-text-editor\" data-id=\"cf2bb4e\" data-element_type=\"widget\" data-widget_type=\"text-editor.default\">\n\t\t\t\t<div class=\"elementor-widget-container\">\n\t\t\t\t\t\t\t\t\t<div class=\"x-el x-el-div c1-1 c1-2 c1-7z c1-80 c1-3w c1-3u c1-14 c1-8k c1-3t c1-3v c1-1h c1-1i c1-3x c1-b c1-c c1-18 c1-d c1-19 c1-e c1-1c c1-f c1-1d c1-g\" data-ux=\"Container\"><div id=\"tagline-container-142829\" class=\"x-el x-el-div c1-1 c1-2 c1-1e c1-1f c1-8l c1-3m c1-t c1-14 c1-b c1-c c1-d c1-e c1-f c1-g\" data-ux=\"Element\"><h1 id=\"dynamic-tagline-142830\" class=\"x-el x-el-h1 c1-8m c1-2 c1-1e c1-1f c1-8n c1-10 c1-11 c1-1h c1-1i c1-8o c1-t c1-3z c1-14 c1-b c1-4y c1-8p c1-1l c1-8q c1-8r c1-8s c1-8t\" role=\"heading\" aria-level=\"1\" data-ux=\"Tagline\" data-aid=\"HEADER_TAGLINE_RENDERED\" data-typography=\"HeadingGamma\" data-font-scaled=\"true\">Centre de testing et vaccination COVID<\/h1><\/div><\/div><div class=\"x-el c1-8m c1-2 c1-1e c1-1f c1-1g c1-1h c1-9d c1-3z c1-14 c1-9e c1-9f c1-9g c1-9h c1-b c1-4y c1-98 c1-1l c1-99 c1-9a c1-9b c1-9c x-rt\" data-ux=\"HeroText\" data-aid=\"HEADER_TAGLINE2_RENDERED\" data-typography=\"HeadingDelta\"><p><strong class=\"x-el x-el-span c1-6w c1-6x c1-b c1-9i c1-9j c1-9k c1-9l\">Test PCR<\/strong><\/p><p><strong class=\"x-el x-el-span c1-6w c1-6x c1-b c1-9i c1-9j c1-9k c1-9l\">Test Antig\u00e9nique 15 \u20ac<\/strong><\/p><h3><strong class=\"x-el x-el-span c1-6w c1-6x c1-b c1-9i c1-9j c1-9k c1-9l\">Vaccination<\/strong><\/h3><\/div>\t\t\t\t\t\t\t\t<\/div>\n\t\t\t\t<\/div>\n\t\t\t\t\t<\/div>\n\t\t<\/div>\n\t\t\t\t\t<\/div>\n\t\t<\/section>\n\t\t\t\t<section class=\"elementor-section elementor-top-section elementor-element elementor-element-85c2cba elementor-section-boxed elementor-section-height-default elementor-section-height-default\" data-id=\"85c2cba\" data-element_type=\"section\">\n\t\t\t\t\t\t<div class=\"elementor-container elementor-column-gap-default\">\n\t\t\t\t\t<div class=\"elementor-column elementor-col-100 elementor-top-column elementor-element elementor-element-0cd9135\" data-id=\"0cd9135\" data-element_type=\"column\">\n\t\t\t<div class=\"elementor-widget-wrap elementor-element-populated\">\n\t\t\t\t\t\t<section class=\"elementor-section elementor-inner-section elementor-element elementor-element-55821db elementor-section-boxed elementor-section-height-default elementor-section-height-default\" data-id=\"55821db\" data-element_type=\"section\">\n\t\t\t\t\t\t<div class=\"elementor-container elementor-column-gap-default\">\n\t\t\t\t\t<div class=\"elementor-column elementor-col-25 elementor-inner-column elementor-element elementor-element-37c52cd\" data-id=\"37c52cd\" data-element_type=\"column\">\n\t\t\t<div class=\"elementor-widget-wrap elementor-element-populated\">\n\t\t\t\t\t\t<div class=\"elementor-element elementor-element-c17a012 elementor-widget elementor-widget-heading\" data-id=\"c17a012\" data-element_type=\"widget\" data-widget_type=\"heading.default\">\n\t\t\t\t<div class=\"elementor-widget-container\">\n\t\t\t\t\t<h2 class=\"elementor-heading-title elementor-size-default\">Vaccination covid<\/h2>\t\t\t\t<\/div>\n\t\t\t\t<\/div>\n\t\t\t\t<div class=\"elementor-element elementor-element-7298b10 elementor-widget elementor-widget-text-editor\" data-id=\"7298b10\" data-element_type=\"widget\" data-widget_type=\"text-editor.default\">\n\t\t\t\t<div class=\"elementor-widget-container\">\n\t\t\t\t\t\t\t\t\t<p>Uniquement sur rendez-vous du lundi au samedi.&nbsp;<br><span style=\"color: var( --e-global-color-text ); font-family: var( --e-global-typography-text-font-family ), Sans-serif; font-weight: var( --e-global-typography-text-font-weight ); font-size: 1rem;\">Pour les prises de rendez-vous veuillez appeler le 067\/67.07.07<\/span><\/p>\t\t\t\t\t\t\t\t<\/div>\n\t\t\t\t<\/div>\n\t\t\t\t\t<\/div>\n\t\t<\/div>\n\t\t\t\t<div class=\"elementor-column elementor-col-25 elementor-inner-column elementor-element elementor-element-c9c4a65\" data-id=\"c9c4a65\" data-element_type=\"column\">\n\t\t\t<div class=\"elementor-widget-wrap elementor-element-populated\">\n\t\t\t\t\t\t<div class=\"elementor-element elementor-element-331c422 elementor-widget elementor-widget-heading\" data-id=\"331c422\" data-element_type=\"widget\" data-widget_type=\"heading.default\">\n\t\t\t\t<div class=\"elementor-widget-container\">\n\t\t\t\t\t<h2 class=\"elementor-heading-title elementor-size-default\">Test antig\u00e9nique rapide<\/h2>\t\t\t\t<\/div>\n\t\t\t\t<\/div>\n\t\t\t\t<div class=\"elementor-element elementor-element-1f03dbc elementor-widget elementor-widget-text-editor\" data-id=\"1f03dbc\" data-element_type=\"widget\" data-widget_type=\"text-editor.default\">\n\t\t\t\t<div class=\"elementor-widget-container\">\n\t\t\t\t\t\t\t\t\t<p>La pharmacie Quenast situ\u00e9e \u00e0\u00a0<span style=\"color: var( --e-global-color-text ); font-family: var( --e-global-typography-text-font-family ), Sans-serif; font-weight: var( --e-global-typography-text-font-weight ); font-size: 1rem;\">Rue du Faubourg 1, 1430 Rebecq, Belgium<\/span><span style=\"color: var( --e-global-color-text ); font-family: var( --e-global-typography-text-font-family ), Sans-serif; font-weight: var( --e-global-typography-text-font-weight ); font-size: 1rem;\">.<\/span><\/p>\t\t\t\t\t\t\t\t<\/div>\n\t\t\t\t<\/div>\n\t\t\t\t\t<\/div>\n\t\t<\/div>\n\t\t\t\t<div class=\"elementor-column elementor-col-25 elementor-inner-column elementor-element elementor-element-d54203f\" data-id=\"d54203f\" data-element_type=\"column\">\n\t\t\t<div class=\"elementor-widget-wrap elementor-element-populated\">\n\t\t\t\t\t\t<div class=\"elementor-element elementor-element-39bf003 elementor-widget elementor-widget-heading\" data-id=\"39bf003\" data-element_type=\"widget\" data-widget_type=\"heading.default\">\n\t\t\t\t<div class=\"elementor-widget-container\">\n\t\t\t\t\t<h2 class=\"elementor-heading-title elementor-size-default\">Test rembours\u00e9\/gratuit<\/h2>\t\t\t\t<\/div>\n\t\t\t\t<\/div>\n\t\t\t\t<div class=\"elementor-element elementor-element-0e74d9c elementor-widget elementor-widget-text-editor\" data-id=\"0e74d9c\" data-element_type=\"widget\" data-widget_type=\"text-editor.default\">\n\t\t\t\t<div class=\"elementor-widget-container\">\n\t\t\t\t\t\t\t\t\t<p>Les patients symptomatiques et les personnes de retour de voyage peuvent se faire tester gratuitement \u00e0 la pharmacie Quenast.<\/p>\t\t\t\t\t\t\t\t<\/div>\n\t\t\t\t<\/div>\n\t\t\t\t\t<\/div>\n\t\t<\/div>\n\t\t\t\t<div class=\"elementor-column elementor-col-25 elementor-inner-column elementor-element elementor-element-58b0d22\" data-id=\"58b0d22\" data-element_type=\"column\">\n\t\t\t<div class=\"elementor-widget-wrap elementor-element-populated\">\n\t\t\t\t\t\t<div class=\"elementor-element elementor-element-26ed507 elementor-widget elementor-widget-heading\" data-id=\"26ed507\" data-element_type=\"widget\" data-widget_type=\"heading.default\">\n\t\t\t\t<div class=\"elementor-widget-container\">\n\t\t\t\t\t<p class=\"elementor-heading-title elementor-size-default\">Test pour voyage ou \u00e9v\u00e9nement<\/p>\t\t\t\t<\/div>\n\t\t\t\t<\/div>\n\t\t\t\t<div class=\"elementor-element elementor-element-ace6142 elementor-widget elementor-widget-text-editor\" data-id=\"ace6142\" data-element_type=\"widget\" data-widget_type=\"text-editor.default\">\n\t\t\t\t<div class=\"elementor-widget-container\">\n\t\t\t\t\t\t\t\t\t<p>Test Antig\u00e9nique 15 euro<\/p><p>Test PCR 55 euro<\/p>\t\t\t\t\t\t\t\t<\/div>\n\t\t\t\t<\/div>\n\t\t\t\t\t<\/div>\n\t\t<\/div>\n\t\t\t\t\t<\/div>\n\t\t<\/section>\n\t\t\t\t\t<\/div>\n\t\t<\/div>\n\t\t\t\t\t<\/div>\n\t\t<\/section>\n\t\t\t\t<section class=\"elementor-section elementor-top-section elementor-element elementor-element-ef3d735 elementor-section-boxed elementor-section-height-default elementor-section-height-default\" data-id=\"ef3d735\" data-element_type=\"section\">\n\t\t\t\t\t\t<div class=\"elementor-container elementor-column-gap-default\">\n\t\t\t\t\t<div class=\"elementor-column elementor-col-100 elementor-top-column elementor-element elementor-element-94019e3\" data-id=\"94019e3\" data-element_type=\"column\">\n\t\t\t<div class=\"elementor-widget-wrap elementor-element-populated\">\n\t\t\t\t\t\t<section class=\"elementor-section elementor-inner-section elementor-element elementor-element-154b9d8 elementor-section-boxed elementor-section-height-default elementor-section-height-default\" data-id=\"154b9d8\" data-element_type=\"section\">\n\t\t\t\t\t\t<div class=\"elementor-container elementor-column-gap-default\">\n\t\t\t\t\t<div class=\"elementor-column elementor-col-50 elementor-inner-column elementor-element elementor-element-386d6d2\" data-id=\"386d6d2\" data-element_type=\"column\">\n\t\t\t<div class=\"elementor-widget-wrap elementor-element-populated\">\n\t\t\t\t\t\t<div class=\"elementor-element elementor-element-1c88476 elementor-widget elementor-widget-text-editor\" data-id=\"1c88476\" data-element_type=\"widget\" data-widget_type=\"text-editor.default\">\n\t\t\t\t<div class=\"elementor-widget-container\">\n\t\t\t\t\t\t\t\t\t<h4 role=\"heading\" aria-level=\"4\" data-ux=\"ContentCardHeading\" data-aid=\"CONTENT_HEADLINE5_RENDERED\" data-typography=\"HeadingBeta\" data-font-scaled=\"true\">Centre de testing et vaccination<\/h4><h4 role=\"heading\" aria-level=\"4\" data-ux=\"ContentCardHeading\" data-aid=\"CONTENT_HEADLINE5_RENDERED\" data-typography=\"HeadingBeta\" data-font-scaled=\"true\"><span style=\"color: var( --e-global-color-text ); font-family: var( --e-global-typography-text-font-family ), Sans-serif; font-weight: var( --e-global-typography-text-font-weight ); font-size: 1rem;\">Rue du Faubourg 1, 1430 Rebecq, Belgium<\/span><\/h4><p><a href=\"tel:+3267670707\">067 67 07 07<\/a><\/p>\t\t\t\t\t\t\t\t<\/div>\n\t\t\t\t<\/div>\n\t\t\t\t<div class=\"elementor-element elementor-element-7e38d0f elementor-align-center elementor-widget elementor-widget-button\" data-id=\"7e38d0f\" data-element_type=\"widget\" data-widget_type=\"button.default\">\n\t\t\t\t<div class=\"elementor-widget-container\">\n\t\t\t\t\t\t\t\t\t<div class=\"elementor-button-wrapper\">\n\t\t\t\t\t<a class=\"elementor-button elementor-button-link elementor-size-lg\" href=\"https:\/\/wa.me\/+3267670707\">\n\t\t\t\t\t\t<span class=\"elementor-button-content-wrapper\">\n\t\t\t\t\t\t<span class=\"elementor-button-icon\">\n\t\t\t\t<i aria-hidden=\"true\" class=\"fab fa-whatsapp\"><\/i>\t\t\t<\/span>\n\t\t\t\t\t\t\t\t\t<span class=\"elementor-button-text\">Envoyez-nous un message sur WhatsApp<\/span>\n\t\t\t\t\t<\/span>\n\t\t\t\t\t<\/a>\n\t\t\t\t<\/div>\n\t\t\t\t\t\t\t\t<\/div>\n\t\t\t\t<\/div>\n\t\t\t\t\t<\/div>\n\t\t<\/div>\n\t\t\t\t<div class=\"elementor-column elementor-col-50 elementor-inner-column elementor-element elementor-element-cd43e5c\" data-id=\"cd43e5c\" data-element_type=\"column\">\n\t\t\t<div class=\"elementor-widget-wrap elementor-element-populated\">\n\t\t\t\t\t\t<div class=\"elementor-element elementor-element-671d3e3 elementor-widget elementor-widget-text-editor\" data-id=\"671d3e3\" data-element_type=\"widget\" data-widget_type=\"text-editor.default\">\n\t\t\t\t<div class=\"elementor-widget-container\">\n\t\t\t\t\t\t\t\t\t<p><strong>Test PCR\u00a0<\/strong><\/p><p><strong>Le Mercredi et Vendredi \u00e0 Rebecq<\/strong><\/p><p><strong>Le Mardi, Jeudi et Samedi \u00e0 Forest<\/strong><\/p>\t\t\t\t\t\t\t\t<\/div>\n\t\t\t\t<\/div>\n\t\t\t\t\t<\/div>\n\t\t<\/div>\n\t\t\t\t\t<\/div>\n\t\t<\/section>\n\t\t\t\t\t<\/div>\n\t\t<\/div>\n\t\t\t\t\t<\/div>\n\t\t<\/section>\n\t\t\t\t<section class=\"elementor-section elementor-top-section elementor-element elementor-element-2c7681c elementor-section-full_width elementor-section-height-default elementor-section-height-default\" data-id=\"2c7681c\" data-element_type=\"section\">\n\t\t\t\t\t\t<div class=\"elementor-container elementor-column-gap-default\">\n\t\t\t\t\t<div class=\"elementor-column elementor-col-100 elementor-top-column elementor-element elementor-element-79e0910\" data-id=\"79e0910\" data-element_type=\"column\">\n\t\t\t<div class=\"elementor-widget-wrap elementor-element-populated\">\n\t\t\t\t\t\t<div class=\"elementor-element elementor-element-d938b04 elementor-align-center elementor-widget elementor-widget-button\" data-id=\"d938b04\" data-element_type=\"widget\" data-widget_type=\"button.default\">\n\t\t\t\t<div class=\"elementor-widget-container\">\n\t\t\t\t\t\t\t\t\t<div class=\"elementor-button-wrapper\">\n\t\t\t\t\t<a class=\"elementor-button elementor-button-link elementor-size-lg\" href=\"https:\/\/www.google.com\/maps\/dir\/\/Rue+du+Faubourg+1,+1430+Rebecq,+Belgia\/@50.6699135,4.1549723,17z\/data=!4m8!4m7!1m0!1m5!1m1!1s0x47c3b5c0285edbaf:0x61afa6babe8204e4!2m2!1d4.157161!2d50.6699135\" id=\"obtenez\">\n\t\t\t\t\t\t<span class=\"elementor-button-content-wrapper\">\n\t\t\t\t\t\t<span class=\"elementor-button-icon\">\n\t\t\t\t<i aria-hidden=\"true\" class=\"fas fa-map-marker-alt\"><\/i>\t\t\t<\/span>\n\t\t\t\t\t\t\t\t\t<span class=\"elementor-button-text\">Obtenez des instructions<\/span>\n\t\t\t\t\t<\/span>\n\t\t\t\t\t<\/a>\n\t\t\t\t<\/div>\n\t\t\t\t\t\t\t\t<\/div>\n\t\t\t\t<\/div>\n\t\t\t\t<div class=\"elementor-element elementor-element-aa7ca1f elementor-widget elementor-widget-google_maps\" data-id=\"aa7ca1f\" data-element_type=\"widget\" data-widget_type=\"google_maps.default\">\n\t\t\t\t<div class=\"elementor-widget-container\">\n\t\t\t\t\t\t\t<div class=\"elementor-custom-embed\">\n\t\t\t<iframe loading=\"lazy\"\n\t\t\t\t\tsrc=\"https:\/\/maps.google.com\/maps?q=Rue%20du%20Faubourg%201%2C%201430%20Rebecq%2C%20Belgium&#038;t=m&#038;z=13&#038;output=embed&#038;iwloc=near\"\n\t\t\t\t\ttitle=\"Rue du Faubourg 1, 1430 Rebecq, Belgium\"\n\t\t\t\t\taria-label=\"Rue du Faubourg 1, 1430 Rebecq, Belgium\"\n\t\t\t><\/iframe>\n\t\t<\/div>\n\t\t\t\t\t\t<\/div>\n\t\t\t\t<\/div>\n\t\t\t\t\t<\/div>\n\t\t<\/div>\n\t\t\t\t\t<\/div>\n\t\t<\/section>\n\t\t\t\t<\/div>\n\t\t","protected":false},"excerpt":{"rendered":"<p>Centre de testing et vaccination COVID Test PCR Test Antig\u00e9nique 15 \u20ac Vaccination Vaccination covid Uniquement sur rendez-vous du lundi au samedi.&nbsp;Pour les prises de rendez-vous veuillez appeler le 067\/67.07.07 Test antig\u00e9nique rapide La pharmacie Quenast situ\u00e9e \u00e0\u00a0Rue du Faubourg 1, 1430 Rebecq, Belgium. Test rembours\u00e9\/gratuit Les patients symptomatiques et les personnes de retour de [&hellip;]<\/p>\n","protected":false},"author":1,"featured_media":0,"parent":0,"menu_order":0,"comment_status":"closed","ping_status":"closed","template":"elementor_theme","meta":{"footnotes":""},"class_list":["post-7","page","type-page","status-publish","hentry"],"_links":{"self":[{"href":"https:\/\/pharmacie-quenast.be\/index.php?rest_route=\/wp\/v2\/pages\/7","targetHints":{"allow":["GET"]}}],"collection":[{"href":"https:\/\/pharmacie-quenast.be\/index.php?rest_route=\/wp\/v2\/pages"}],"about":[{"href":"https:\/\/pharmacie-quenast.be\/index.php?rest_route=\/wp\/v2\/types\/page"}],"author":[{"embeddable":true,"href":"https:\/\/pharmacie-quenast.be\/index.php?rest_route=\/wp\/v2\/users\/1"}],"replies":[{"embeddable":true,"href":"https:\/\/pharmacie-quenast.be\/index.php?rest_route=%2Fwp%2Fv2%2Fcomments&post=7"}],"version-history":[{"count":106,"href":"https:\/\/pharmacie-quenast.be\/index.php?rest_route=\/wp\/v2\/pages\/7\/revisions"}],"predecessor-version":[{"id":165,"href":"https:\/\/pharmacie-quenast.be\/index.php?rest_route=\/wp\/v2\/pages\/7\/revisions\/165"}],"wp:attachment":[{"href":"https:\/\/pharmacie-quenast.be\/index.php?rest_route=%2Fwp%2Fv2%2Fmedia&parent=7"}],"curies":[{"name":"wp","href":"https:\/\/api.w.org\/{rel}","templated":true}]}}